{"id":487,"date":"2018-04-17T18:13:40","date_gmt":"2018-04-17T18:13:40","guid":{"rendered":"https:\/\/www.fincasmadruga.com\/?page_id=487"},"modified":"2019-02-13T11:23:17","modified_gmt":"2019-02-13T11:23:17","slug":"avis-legal","status":"publish","type":"page","link":"https:\/\/www.fincasmadruga.com\/ca\/avis-legal\/","title":{"rendered":"Av\u00eds Legal"},"content":{"rendered":"<article id=\"copytext\" class=\"\">\n<header>\n<h2><b>Av\u00eds legal i termes d&#8217;\u00fas<\/b><\/h2>\n<h3><b>Condicions de l&#8217;\u00fas mitjan\u00e7ant aquest av\u00eds<\/b><\/h3>\n<p><span style=\"font-weight: 400;\">Finques Madruga informa als usuaris de la p\u00e0gina web de la seva pol\u00edtica de protecci\u00f3 de dades de car\u00e0cter personal. La utilitzaci\u00f3 de l&#8217;espai web de Finques Madruga i de qualsevol dels serveis que s&#8217;incorporen pressuposa la plena acceptaci\u00f3 de les condicions que es manifesten en la pol\u00edtica de privadesa que s&#8217;exposa.<\/span><\/p>\n<h3><b>Recollida de dades<\/b><\/h3>\n<p><span style=\"font-weight: 400;\">Donant compliment a la Llei 15\/1999, de 13 de desembre, de protecci\u00f3 de dades de car\u00e0cter personal, s&#8217;informa que les dades de car\u00e0cter personal que es sol\u00b7liciten en els nostres formularis s&#8217;inclouran en un fitxer de dades personals el responsable i titular del qual \u00e9s Finques Madruga. Aix\u00ed mateix, quan una persona emplena qualsevol dels formularis amb les dades personals que se sol\u00b7liciten i accepta l&#8217;enviament, autoritza expressament a Finques Madruga a tractar o incorporar en el fitxer automatitzat de la seva propietat les dades personals facilitades en el formulari esmentat i tots els dades que es generin en relaci\u00f3 amb la seva participaci\u00f3 o \u00fas dels diferents esdeveniments que s&#8217;ofereixen en aquesta p\u00e0gina web.<\/span><\/p>\n<p><span style=\"font-weight: 400;\">Llevat que espec\u00edficament s&#8217;estableixi el contrari, es considerar\u00e0 necessari emplenar tots els camps de cada formulari, per a aix\u00f2 l&#8217;usuari haur\u00e0 d&#8217;emplenar els formularis amb dades veritables, exactes, completes i actualitzades. L&#8217;usuari ser\u00e0 l&#8217;\u00fanic responsable de qualsevol dany o perjudici, directe i indirecte, que ocasioni a Finques Madruga oa qualsevol tercer per emplenar els formularis amb dades falses, inexactes, incompletes o no actualitzades o amb dades de tercers. A trav\u00e9s de les diferents \u00e0rees que formen part d&#8217;aquest espai web, els usuaris poden obtenir informaci\u00f3, fer consultes i participar als diferents esdeveniments que Finques Madruga ofereixi mitjan\u00e7ant el seu espai web.<\/span><\/p>\n<h3><b>Finalitats del tractament<\/b><\/h3>\n<p><span style=\"font-weight: 400;\">Les dades facilitades mai no seran utilitzades amb una finalitat diferent d&#8217;aquella per a la qual han estat cedides, i seran cancel\u00b7lades immediatament despr\u00e9s de deixar de ser necess\u00e0ries per a aquesta finalitat, excepte quan una llei estableixi una altra cosa.<\/span><\/p>\n<p><span style=\"font-weight: 400;\">Quan la persona interessada envia les dades personals i l&#8217;adre\u00e7a electr\u00f2nica a Finques Madruga, autoritza expressament la utilitzaci\u00f3 a efectes de comunicacions peri\u00f2diques, incloent expressament les que es realitzin per correu electr\u00f2nic que Finques Madruga o les entitats pertanyents a l&#8217;\u00e0mbit empresarial de Finques Madruga portin a terme amb els usuaris, i possibles interessats, per informar-los de les not\u00edcies, esdeveniments, etc &#8230;<\/span><\/p>\n<p><span style=\"font-weight: 400;\">al marge del que s&#8217;ha dit anteriorment, la recollida i el tractament automatitzat de les dades personals facilitades tenen igualment com a finalitat la gesti\u00f3 administrativa i l&#8217;execuci\u00f3 i el desenvolupament de tota activitat professional pr\u00f2pia de Finques Madrugay la gesti\u00f3 de l&#8217;usuari en els diferents serveis posats a la seva disposici\u00f3 (a efectes merament informatius: sol\u00b7licitud d&#8217;informaci\u00f3 sobre esdeveniments).<\/span><\/p>\n<h3><b>Seguretat<\/b><\/h3>\n<p><span style=\"font-weight: 400;\">Tota la informaci\u00f3 relativa a dades de car\u00e0cter personal rebuda per Finques Madruga \u00e9s tractada amb la m\u00e0xima confidencialitat, i es procedeix \u00fanicament a les comunicacions estrictament necess\u00e0ries per a la prestaci\u00f3 del servei que interessa en cada cas i les comunicacions i cessions autoritzades per l&#8217;usuari mitjan\u00e7ant aquesta pol\u00edtica de privacitat.<\/span><\/p>\n<p><span style=\"font-weight: 400;\">Finques Madrugaha adoptat els nivells de seguretat de protecci\u00f3 de dades personals requerits legalment i ha instal\u00b7lat els mitjans i mesures t\u00e8cniques al seu abast per evitar la p\u00e8rdua, el mal \u00fas, l&#8217;alteraci\u00f3 de les dades personals facilitades i l&#8217;acc\u00e9s no autoritzat a aquestes dades.<\/span><\/p>\n<p><span style=\"font-weight: 400;\">L&#8217;usuari t\u00e9 dret a accedir a la informaci\u00f3 que li concerneix recopilada en els fitxers de Finques Madruga, la si \u00e9s err\u00f2nia, cancel\u00b7lar-la o oposar-se al seu tractament, per la via del correu electr\u00f2nic a l&#8217;adre\u00e7a serveisinterns@fincasmadruga.com.<\/span><\/p>\n<h3><b>Cessi\u00f3 de dades<\/b><\/h3>\n<p><span style=\"font-weight: 400;\">L&#8217;usuari accepta que les seves dades puguin ser cedides, exclusivament per a les finalitats descrites anteriorment, a les entitats amb les quals participa Finques Madruga. L&#8217;acceptaci\u00f3 de l&#8217;usuari que les seves dades puguin ser tractades o cedides de la manera establerta en aquest par\u00e0graf t\u00e9 sempre el car\u00e0cter de revocable, sense efectes retroactius, d&#8217;acord amb el que disposen els articles 6 i 11 de la Llei org\u00e0nica 15\/1999, de 13 de desembre.<\/span><\/p>\n<h3><b>Modificaci\u00f3 d&#8217;aquesta pol\u00edtica de privacitat<\/b><\/h3>\n<p><span style=\"font-weight: 400;\">Finques Madruga es reserva el dret de modificar la seva pol\u00edtica de protecci\u00f3 de dades d&#8217;acord amb el seu criteri, oa causa d&#8217;un canvi legislatiu, jurisprudencial o en la pr\u00e0ctica empresarial. Si Finques Madruga, introdueix alguna modificaci\u00f3, el nou text ser\u00e0 publicat en aquesta mateixa p\u00e0gina, on l&#8217;usuari podr\u00e0 tenir coneixement de la pol\u00edtica de protecci\u00f3 de dades. Sigui com sigui, la relaci\u00f3 amb els usuaris es regir\u00e0 per les normes previstes en el moment prec\u00eds en qu\u00e8 s&#8217;accedeix a l&#8217;espai web.<\/span><\/p>\n<h2><\/h2>\n<\/header>\n<\/article>\n","protected":false},"excerpt":{"rendered":"<p>Av\u00eds legal i termes d&#8217;\u00fas Condicions de l&#8217;\u00fas mitjan\u00e7ant aquest av\u00eds Finques Madruga informa als usuaris de la p\u00e0gina web de la seva pol\u00edtica de protecci\u00f3 de dades de car\u00e0cter personal. La utilitzaci\u00f3 de l&#8217;espai web de Finques Madruga i de qualsevol dels serveis que s&#8217;incorporen pressuposa la plena acceptaci\u00f3 de les condicions que es [&hellip;]<\/p>\n","protected":false},"author":1,"featured_media":0,"parent":0,"menu_order":0,"comment_status":"closed","ping_status":"closed","template":"","meta":{"_et_pb_use_builder":"","_et_pb_old_content":"","_et_gb_content_width":"","inline_featured_image":false,"footnotes":""},"class_list":["post-487","page","type-page","status-publish","hentry"],"_links":{"self":[{"href":"https:\/\/www.fincasmadruga.com\/ca\/wp-json\/wp\/v2\/pages\/487","targetHints":{"allow":["GET"]}}],"collection":[{"href":"https:\/\/www.fincasmadruga.com\/ca\/wp-json\/wp\/v2\/pages"}],"about":[{"href":"https:\/\/www.fincasmadruga.com\/ca\/wp-json\/wp\/v2\/types\/page"}],"author":[{"embeddable":true,"href":"https:\/\/www.fincasmadruga.com\/ca\/wp-json\/wp\/v2\/users\/1"}],"replies":[{"embeddable":true,"href":"https:\/\/www.fincasmadruga.com\/ca\/wp-json\/wp\/v2\/comments?post=487"}],"version-history":[{"count":4,"href":"https:\/\/www.fincasmadruga.com\/ca\/wp-json\/wp\/v2\/pages\/487\/revisions"}],"predecessor-version":[{"id":1341,"href":"https:\/\/www.fincasmadruga.com\/ca\/wp-json\/wp\/v2\/pages\/487\/revisions\/1341"}],"wp:attachment":[{"href":"https:\/\/www.fincasmadruga.com\/ca\/wp-json\/wp\/v2\/media?parent=487"}],"curies":[{"name":"wp","href":"https:\/\/api.w.org\/{rel}","templated":true}]}}